{"id":22579,"date":"2021-08-05T06:41:46","date_gmt":"2021-08-05T06:41:46","guid":{"rendered":"https:\/\/keenitsolutions.com\/products\/wordpress\/bizup\/?page_id=22579"},"modified":"2023-03-21T17:24:15","modified_gmt":"2023-03-21T17:24:15","slug":"careers","status":"publish","type":"page","link":"https:\/\/biz-bold.com\/index.php\/careers\/","title":{"rendered":"Emprego"},"content":{"rendered":"\t\t<div data-elementor-type=\"wp-page\" data-elementor-id=\"22579\" class=\"elementor elementor-22579\">\n\t\t\t\t\t\t<section class=\"elementor-section elementor-top-section elementor-element elementor-element-091870c elementor-section-stretched elementor-section-boxed elementor-section-height-default elementor-section-height-default\" data-id=\"091870c\" data-element_type=\"section\" data-settings=\"{&quot;stretch_section&quot;:&quot;section-stretched&quot;,&quot;background_background&quot;:&quot;classic&quot;}\">\n\t\t\t\t\t\t<div class=\"elementor-container elementor-column-gap-default\">\n\t\t\t\t\t<div class=\"elementor-column elementor-col-50 elementor-top-column elementor-element elementor-element-87b1c31\" data-id=\"87b1c31\" data-element_type=\"column\">\n\t\t\t<div class=\"elementor-widget-wrap elementor-element-populated\">\n\t\t\t\t\t\t<div class=\"elementor-element elementor-element-8086a81 elementor-widget elementor-widget-rs-heading\" data-id=\"8086a81\" data-element_type=\"widget\" data-widget_type=\"rs-heading.default\">\n\t\t\t\t<div class=\"elementor-widget-container\">\n\t\t\t\n        <div class=\"prelements-heading style4 animate- \">\n        \t<div class=\"title-inner\"> \n\t        \t       \t\t      \t\t\n\t            <h1 class=\"title\"><span class=\"watermark\">Carreira<\/span>Carreira<\/h1><span class=\"sub-text\">Caminhamos em parceria com as organiza\u00e7\u00f5es para procurar, atrair e selecionar o melhor Talento para a sua empresa\n<\/span>\t\t\t\t\n\t\t\t\t\t        <\/div>\n\t                <\/div>\n        \t\t<\/div>\n\t\t\t\t<\/div>\n\t\t\t\t\t<\/div>\n\t\t<\/div>\n\t\t\t\t<div class=\"elementor-column elementor-col-50 elementor-top-column elementor-element elementor-element-0c8bae1\" data-id=\"0c8bae1\" data-element_type=\"column\">\n\t\t\t<div class=\"elementor-widget-wrap\">\n\t\t\t\t\t\t\t<\/div>\n\t\t<\/div>\n\t\t\t\t\t<\/div>\n\t\t<\/section>\n\t\t\t\t<section class=\"elementor-section elementor-top-section elementor-element elementor-element-e7da389 elementor-section-stretched elementor-section-full_width elementor-section-height-default elementor-section-height-default\" data-id=\"e7da389\" data-element_type=\"section\" data-settings=\"{&quot;stretch_section&quot;:&quot;section-stretched&quot;,&quot;background_background&quot;:&quot;classic&quot;}\">\n\t\t\t\t\t\t<div class=\"elementor-container elementor-column-gap-default\">\n\t\t\t\t\t<div class=\"elementor-column elementor-col-100 elementor-top-column elementor-element elementor-element-a82690a\" data-id=\"a82690a\" data-element_type=\"column\">\n\t\t\t<div class=\"elementor-widget-wrap elementor-element-populated\">\n\t\t\t\t\t\t<div class=\"elementor-element elementor-element-ccfbc11 elementor-widget elementor-widget-rs-heading\" data-id=\"ccfbc11\" data-element_type=\"widget\" data-widget_type=\"rs-heading.default\">\n\t\t\t\t<div class=\"elementor-widget-container\">\n\t\t\t\n        <div class=\"prelements-heading style4 animate-default center\">\n        \t<div class=\"title-inner\"> \n\t        \t       \t\t      \t\t\n\t            <h2 class=\"title\"><span class=\"watermark\"><\/span>Porqu\u00ea fazer carreira connosco?<\/h2>\t\t\t\t\n\t\t\t\t\t        <\/div>\n\t                <\/div>\n        \t\t<\/div>\n\t\t\t\t<\/div>\n\t\t\t\t<section class=\"elementor-section elementor-inner-section elementor-element elementor-element-68aab24 elementor-section-content-middle elementor-section-boxed elementor-section-height-default elementor-section-height-default\" data-id=\"68aab24\" data-element_type=\"section\">\n\t\t\t\t\t\t<div class=\"elementor-container elementor-column-gap-default\">\n\t\t\t\t\t<div class=\"elementor-column elementor-col-25 elementor-inner-column elementor-element elementor-element-caf18e1\" data-id=\"caf18e1\" data-element_type=\"column\">\n\t\t\t<div class=\"elementor-widget-wrap elementor-element-populated\">\n\t\t\t\t\t\t<div class=\"elementor-element elementor-element-cc397cd elementor-widget elementor-widget-rs-number-grid\" data-id=\"cc397cd\" data-element_type=\"widget\" data-widget_type=\"rs-number-grid.default\">\n\t\t\t\t<div class=\"elementor-widget-container\">\n\t\t\t \r\n\r\n\t\t<div class=\"rs-addon-number number al--center\">\r\n\t\t    <div class=\"number-part\">\r\n\t\t    \t\t\t    \t\t<div class=\"number-image\"><img decoding=\"async\" src=\"https:\/\/keenitsolutions.com\/products\/wordpress\/bizup\/wp-content\/uploads\/2021\/08\/1.png\" alt=\"\"><\/div>\r\n\t\t    \t    \t\t       \r\n\t\t\t    <div class=\"number-text\">\r\n\t\t\t    \t\t\t\t    \t\t<div class=\"number-area\">\r\n\t\t\t\t    \t\t<span class=\"number-prefix\">\r\n\t\t\t\t    \t\t\t1\t\t\t\t    \t\t<\/span>\r\n\t\t\t    \t\t<\/div>\r\n\t\t    \t\t\r\n\t\t\t    \t\t\t\t\t    \t<div class=\"number-title\">\r\n\t\t\t\t    \t\t\t\t\t\t    \t\t\t<h3 class=\"title\"> Desenho do perfil <\/h3>\r\n\t\t\t\t    \t\t\t\t\t\t    \t\t\r\n\t\t\t\t    \t<\/div>\r\n\t\t\t    \t\t\r\n\r\n\t\t\t    \t\t\t\t    \t\t<div class=\"number-txt\">  Analisamos o descritivo de fun\u00e7\u00f5es e das qualifica\u00e7\u00f5es exigidas; Identificamos o perfil mais adequado<\/div>\t\r\n\t\t\t    \t\t\r\n\r\n\t    \t    \t\t\t\t    <\/div>\r\n\t\t\t<\/div>\r\n\t\t<\/div>\t\t\t\t\r\n\t\t\t<\/div>\n\t\t\t\t<\/div>\n\t\t\t\t\t<\/div>\n\t\t<\/div>\n\t\t\t\t<div class=\"elementor-column elementor-col-25 elementor-inner-column elementor-element elementor-element-717de4e\" data-id=\"717de4e\" data-element_type=\"column\">\n\t\t\t<div class=\"elementor-widget-wrap elementor-element-populated\">\n\t\t\t\t\t\t<div class=\"elementor-element elementor-element-73e09d9 elementor-widget elementor-widget-rs-number-grid\" data-id=\"73e09d9\" data-element_type=\"widget\" data-widget_type=\"rs-number-grid.default\">\n\t\t\t\t<div class=\"elementor-widget-container\">\n\t\t\t \r\n\r\n\t\t<div class=\"rs-addon-number number al--center\">\r\n\t\t    <div class=\"number-part\">\r\n\t\t    \t\t\t    \t\t<div class=\"number-image\"><img decoding=\"async\" src=\"https:\/\/keenitsolutions.com\/products\/wordpress\/bizup\/wp-content\/uploads\/2021\/08\/2.png\" alt=\"\"><\/div>\r\n\t\t    \t    \t\t       \r\n\t\t\t    <div class=\"number-text\">\r\n\t\t\t    \t\t\t\t    \t\t<div class=\"number-area\">\r\n\t\t\t\t    \t\t<span class=\"number-prefix\">\r\n\t\t\t\t    \t\t\t2\t\t\t\t    \t\t<\/span>\r\n\t\t\t    \t\t<\/div>\r\n\t\t    \t\t\r\n\t\t\t    \t\t\t\t\t    \t<div class=\"number-title\">\r\n\t\t\t\t    \t\t\t\t\t\t    \t\t\t<h3 class=\"title\"> Procura seletiva<\/h3>\r\n\t\t\t\t    \t\t\t\t\t\t    \t\t\r\n\t\t\t\t    \t<\/div>\r\n\t\t\t    \t\t\r\n\r\n\t\t\t    \t\t\t\t    \t\t<div class=\"number-txt\">  Selecionamos a fonte de recrutamento; Processamos as candidaturas\nrecebidas; Criamos uma\nshortlist para valida\u00e7\u00e3o do cliente<\/div>\t\r\n\t\t\t    \t\t\r\n\r\n\t    \t    \t\t\t\t    <\/div>\r\n\t\t\t<\/div>\r\n\t\t<\/div>\t\t\t\t\r\n\t\t\t<\/div>\n\t\t\t\t<\/div>\n\t\t\t\t\t<\/div>\n\t\t<\/div>\n\t\t\t\t<div class=\"elementor-column elementor-col-25 elementor-inner-column elementor-element elementor-element-f7d32de\" data-id=\"f7d32de\" data-element_type=\"column\">\n\t\t\t<div class=\"elementor-widget-wrap elementor-element-populated\">\n\t\t\t\t\t\t<div class=\"elementor-element elementor-element-65594dc elementor-widget elementor-widget-rs-number-grid\" data-id=\"65594dc\" data-element_type=\"widget\" data-widget_type=\"rs-number-grid.default\">\n\t\t\t\t<div class=\"elementor-widget-container\">\n\t\t\t \r\n\r\n\t\t<div class=\"rs-addon-number number al--center\">\r\n\t\t    <div class=\"number-part\">\r\n\t\t    \t\t\t    \t\t<div class=\"number-image\"><img decoding=\"async\" src=\"https:\/\/keenitsolutions.com\/products\/wordpress\/bizup\/wp-content\/uploads\/2021\/08\/3.png\" alt=\"\"><\/div>\r\n\t\t    \t    \t\t       \r\n\t\t\t    <div class=\"number-text\">\r\n\t\t\t    \t\t\t\t    \t\t<div class=\"number-area\">\r\n\t\t\t\t    \t\t<span class=\"number-prefix\">\r\n\t\t\t\t    \t\t\t3\t\t\t\t    \t\t<\/span>\r\n\t\t\t    \t\t<\/div>\r\n\t\t    \t\t\r\n\t\t\t    \t\t\t\t\t    \t<div class=\"number-title\">\r\n\t\t\t\t    \t\t\t\t\t\t    \t\t\t<h3 class=\"title\"> Entrevistas de sele\u00e7\u00e3o<\/h3>\r\n\t\t\t\t    \t\t\t\t\t\t    \t\t\r\n\t\t\t\t    \t<\/div>\r\n\t\t\t    \t\t\r\n\r\n\t\t\t    \t\t\t\t    \t\t<div class=\"number-txt\">  Informamos os candidatos sobre os resultados da pr\u00e9-sele\u00e7\u00e3o;\nOrganizamos as entrevistas e testes<\/div>\t\r\n\t\t\t    \t\t\r\n\r\n\t    \t    \t\t\t\t    <\/div>\r\n\t\t\t<\/div>\r\n\t\t<\/div>\t\t\t\t\r\n\t\t\t<\/div>\n\t\t\t\t<\/div>\n\t\t\t\t\t<\/div>\n\t\t<\/div>\n\t\t\t\t<div class=\"elementor-column elementor-col-25 elementor-inner-column elementor-element elementor-element-583e379\" data-id=\"583e379\" data-element_type=\"column\">\n\t\t\t<div class=\"elementor-widget-wrap elementor-element-populated\">\n\t\t\t\t\t\t<div class=\"elementor-element elementor-element-c510bff elementor-widget elementor-widget-rs-number-grid\" data-id=\"c510bff\" data-element_type=\"widget\" data-widget_type=\"rs-number-grid.default\">\n\t\t\t\t<div class=\"elementor-widget-container\">\n\t\t\t \r\n\r\n\t\t<div class=\"rs-addon-number number al--center\">\r\n\t\t    <div class=\"number-part\">\r\n\t\t    \t\t\t    \t\t<div class=\"number-image\"><img decoding=\"async\" src=\"https:\/\/keenitsolutions.com\/products\/wordpress\/bizup\/wp-content\/uploads\/2021\/08\/4.png\" alt=\"\"><\/div>\r\n\t\t    \t    \t\t       \r\n\t\t\t    <div class=\"number-text\">\r\n\t\t\t    \t\t\t\t    \t\t<div class=\"number-area\">\r\n\t\t\t\t    \t\t<span class=\"number-prefix\">\r\n\t\t\t\t    \t\t\t4\t\t\t\t    \t\t<\/span>\r\n\t\t\t    \t\t<\/div>\r\n\t\t    \t\t\r\n\t\t\t    \t\t\t\t\t    \t<div class=\"number-title\">\r\n\t\t\t\t    \t\t\t\t\t\t    \t\t\t<h3 class=\"title\">  Acompanhamento da integra\u00e7\u00e3o do candidato<\/h3>\r\n\t\t\t\t    \t\t\t\t\t\t    \t\t\r\n\t\t\t\t    \t<\/div>\r\n\t\t\t    \t\t\r\n\r\n\t\t\t    \t\t\t\t    \t\t<div class=\"number-txt\">  Embora o processo chegue ao final, acompanhamos o candidato e\npercebemos se est\u00e1 a existir uma boa\nintegra\u00e7\u00e3o na equipa.\n<\/div>\t\r\n\t\t\t    \t\t\r\n\r\n\t    \t    \t\t\t\t    <\/div>\r\n\t\t\t<\/div>\r\n\t\t<\/div>\t\t\t\t\r\n\t\t\t<\/div>\n\t\t\t\t<\/div>\n\t\t\t\t\t<\/div>\n\t\t<\/div>\n\t\t\t\t\t<\/div>\n\t\t<\/section>\n\t\t\t\t\t<\/div>\n\t\t<\/div>\n\t\t\t\t\t<\/div>\n\t\t<\/section>\n\t\t\t\t<section class=\"elementor-section elementor-top-section elementor-element elementor-element-12c9712 elementor-section-full_width elementor-section-stretched elementor-section-height-default elementor-section-height-default\" data-id=\"12c9712\" data-element_type=\"section\" data-settings=\"{&quot;stretch_section&quot;:&quot;section-stretched&quot;,&quot;background_background&quot;:&quot;classic&quot;}\">\n\t\t\t\t\t\t<div class=\"elementor-container elementor-column-gap-default\">\n\t\t\t\t\t<div class=\"elementor-column elementor-col-100 elementor-top-column elementor-element elementor-element-b929489\" data-id=\"b929489\" data-element_type=\"column\">\n\t\t\t<div class=\"elementor-widget-wrap elementor-element-populated\">\n\t\t\t\t\t\t<section class=\"elementor-section elementor-inner-section elementor-element elementor-element-f20e1af elementor-section-boxed elementor-section-height-default elementor-section-height-default\" data-id=\"f20e1af\" data-element_type=\"section\">\n\t\t\t\t\t\t<div class=\"elementor-container elementor-column-gap-default\">\n\t\t\t\t\t<div class=\"elementor-column elementor-col-50 elementor-inner-column elementor-element elementor-element-cc1e7a4\" data-id=\"cc1e7a4\" data-element_type=\"column\">\n\t\t\t<div class=\"elementor-widget-wrap elementor-element-populated\">\n\t\t\t\t\t\t<div class=\"elementor-element elementor-element-5716562 elementor-widget elementor-widget-rs-heading\" data-id=\"5716562\" data-element_type=\"widget\" data-widget_type=\"rs-heading.default\">\n\t\t\t\t<div class=\"elementor-widget-container\">\n\t\t\t\n        <div class=\"prelements-heading style4 animate-default \">\n        \t<div class=\"title-inner\"> \n\t        \t       \t\t      \t\t\n\t            <h2 class=\"title\"><span class=\"watermark\"><\/span>Ofertas de emprego<\/h2>\t\t\t\t\n\t\t\t\t\t        <\/div>\n\t                <\/div>\n        \t\t<\/div>\n\t\t\t\t<\/div>\n\t\t\t\t\t<\/div>\n\t\t<\/div>\n\t\t\t\t<div class=\"elementor-column elementor-col-50 elementor-inner-column elementor-element elementor-element-31e931f\" data-id=\"31e931f\" data-element_type=\"column\">\n\t\t\t<div class=\"elementor-widget-wrap elementor-element-populated\">\n\t\t\t\t\t\t<div class=\"elementor-element elementor-element-e2c8886 elementor-widget elementor-widget-rs-button\" data-id=\"e2c8886\" data-element_type=\"widget\" data-widget_type=\"rs-button.default\">\n\t\t\t\t<div class=\"elementor-widget-container\">\n\t\t\t\t\t\r\n\t\t\t\t\t<div class=\"rs-btn\">\r\n\t\t\t\t\t\t\t\t<a class=\"rs_button double-bg-disable\" href=\"https:\/\/keenitsolutions.com\/products\/wordpress\/bizup\/about\/\" >\t\t\t\t\r\n\t\t\t\t\t<span class=\"btn_text\">Candidatar<\/span>\r\n\t\t\t\t\t\t\t\t\t<\/a>\r\n\t\t\t<\/div> \r\n\t\t   \r\n\t\t\t<\/div>\n\t\t\t\t<\/div>\n\t\t\t\t\t<\/div>\n\t\t<\/div>\n\t\t\t\t\t<\/div>\n\t\t<\/section>\n\t\t\t\t<section class=\"elementor-section elementor-inner-section elementor-element elementor-element-ae88b59 elementor-section-content-middle elementor-section-boxed elementor-section-height-default elementor-section-height-default\" data-id=\"ae88b59\" data-element_type=\"section\">\n\t\t\t\t\t\t<div class=\"elementor-container elementor-column-gap-extended\">\n\t\t\t\t\t<div class=\"elementor-column elementor-col-33 elementor-inner-column elementor-element elementor-element-142e4f1\" data-id=\"142e4f1\" data-element_type=\"column\">\n\t\t\t<div class=\"elementor-widget-wrap elementor-element-populated\">\n\t\t\t\t\t\t<div class=\"elementor-element elementor-element-3063860 elementor-widget elementor-widget-rs-number-grid\" data-id=\"3063860\" data-element_type=\"widget\" data-widget_type=\"rs-number-grid.default\">\n\t\t\t\t<div class=\"elementor-widget-container\">\n\t\t\t \r\n\r\n\t\t<div class=\"rs-addon-number number al--left\">\r\n\t\t    <div class=\"number-part\">\r\n\t\t    \t    \t\t       \r\n\t\t\t    <div class=\"number-text\">\r\n\t\t\t    \t\t\t\t    \t\t<div class=\"number-area\">\r\n\t\t\t\t    \t\t<span class=\"number-prefix\">\r\n\t\t\t\t    \t\t\t01.\t\t\t\t    \t\t<\/span>\r\n\t\t\t    \t\t<\/div>\r\n\t\t    \t\t\r\n\t\t\t    \t\t\t\t\t    \t<div class=\"number-title\">\r\n\t\t\t\t    \t\t\t\t\t\t    \t\t\t<h3 class=\"title\"> Brevemente<\/h3>\r\n\t\t\t\t    \t\t\t\t\t\t    \t\t\r\n\t\t\t\t    \t<\/div>\r\n\t\t\t    \t\t\r\n\r\n\t\t\t    \t\t\t\t    \t\t<div class=\"number-txt\">  Teremos a oferta que procura<div style=\"margin-top:10px;margin-bottom: 26px\"><strong>Localidade:<\/strong> Perto de si <\/div><\/div>\t\r\n\t\t\t    \t\t\r\n\r\n\t    \t    \t\r\n\t    \t\t    \t<div class=\"number-btn-part\">\r\n\r\n\t    \t\t    \t\t    \t\t    \t\t\t<a class=\"number-btn icon-after\" href=\"https:\/\/keenitsolutions.com\/products\/wordpress\/bizup\/careers\/#rs_apply\" >\r\n    \t\t    \t\t\t\t<span class=\"btn-txt\">Submeter<\/span>\r\n\r\n    \t\t    \t\t\t\t    \t\t    \t\t\t<\/a>\r\n\t    \t\t    \t\t\t    \t\t    \t\t\r\n\t    \t\t    \t<\/div>\r\n\t    \t    \t\t\t\t    <\/div>\r\n\t\t\t<\/div>\r\n\t\t<\/div>\t\t\t\t\r\n\t\t\t<\/div>\n\t\t\t\t<\/div>\n\t\t\t\t\t<\/div>\n\t\t<\/div>\n\t\t\t\t<div class=\"elementor-column elementor-col-33 elementor-inner-column elementor-element elementor-element-ef1c1c9\" data-id=\"ef1c1c9\" data-element_type=\"column\">\n\t\t\t<div class=\"elementor-widget-wrap elementor-element-populated\">\n\t\t\t\t\t\t<div class=\"elementor-element elementor-element-bc676c4 elementor-widget elementor-widget-rs-number-grid\" data-id=\"bc676c4\" data-element_type=\"widget\" data-widget_type=\"rs-number-grid.default\">\n\t\t\t\t<div class=\"elementor-widget-container\">\n\t\t\t \r\n\r\n\t\t<div class=\"rs-addon-number number al--left\">\r\n\t\t    <div class=\"number-part\">\r\n\t\t    \t    \t\t       \r\n\t\t\t    <div class=\"number-text\">\r\n\t\t\t    \t\t\t\t    \t\t<div class=\"number-area\">\r\n\t\t\t\t    \t\t<span class=\"number-prefix\">\r\n\t\t\t\t    \t\t\t02.\t\t\t\t    \t\t<\/span>\r\n\t\t\t    \t\t<\/div>\r\n\t\t    \t\t\r\n\t\t\t    \t\t\t\t\t    \t<div class=\"number-title\">\r\n\t\t\t\t    \t\t\t\t\t\t    \t\t\t<h3 class=\"title\"> Brevemente<\/h3>\r\n\t\t\t\t    \t\t\t\t\t\t    \t\t\r\n\t\t\t\t    \t<\/div>\r\n\t\t\t    \t\t\r\n\r\n\t\t\t    \t\t\t\t    \t\t<div class=\"number-txt\">  Teremos a oferta que procura<div style=\"margin-top:10px;margin-bottom: 26px\"><strong>Localidade:<\/strong> Perto de si <\/div><\/div>\t\r\n\t\t\t    \t\t\r\n\r\n\t    \t    \t\r\n\t    \t\t    \t<div class=\"number-btn-part\">\r\n\r\n\t    \t\t    \t\t    \t\t    \t\t\t<a class=\"number-btn icon-after\" href=\"https:\/\/keenitsolutions.com\/products\/wordpress\/bizup\/careers\/#rs_apply\" >\r\n    \t\t    \t\t\t\t<span class=\"btn-txt\">Submeter<\/span>\r\n\r\n    \t\t    \t\t\t\t    \t\t    \t\t\t<\/a>\r\n\t    \t\t    \t\t\t    \t\t    \t\t\r\n\t    \t\t    \t<\/div>\r\n\t    \t    \t\t\t\t    <\/div>\r\n\t\t\t<\/div>\r\n\t\t<\/div>\t\t\t\t\r\n\t\t\t<\/div>\n\t\t\t\t<\/div>\n\t\t\t\t\t<\/div>\n\t\t<\/div>\n\t\t\t\t<div class=\"elementor-column elementor-col-33 elementor-inner-column elementor-element elementor-element-fd33d04\" data-id=\"fd33d04\" data-element_type=\"column\">\n\t\t\t<div class=\"elementor-widget-wrap elementor-element-populated\">\n\t\t\t\t\t\t<div class=\"elementor-element elementor-element-1369f4f elementor-widget elementor-widget-rs-number-grid\" data-id=\"1369f4f\" data-element_type=\"widget\" data-widget_type=\"rs-number-grid.default\">\n\t\t\t\t<div class=\"elementor-widget-container\">\n\t\t\t \r\n\r\n\t\t<div class=\"rs-addon-number number al--left\">\r\n\t\t    <div class=\"number-part\">\r\n\t\t    \t    \t\t       \r\n\t\t\t    <div class=\"number-text\">\r\n\t\t\t    \t\t\t\t    \t\t<div class=\"number-area\">\r\n\t\t\t\t    \t\t<span class=\"number-prefix\">\r\n\t\t\t\t    \t\t\t03.\t\t\t\t    \t\t<\/span>\r\n\t\t\t    \t\t<\/div>\r\n\t\t    \t\t\r\n\t\t\t    \t\t\t\t\t    \t<div class=\"number-title\">\r\n\t\t\t\t    \t\t\t\t\t\t    \t\t\t<h3 class=\"title\"> Brevemente<\/h3>\r\n\t\t\t\t    \t\t\t\t\t\t    \t\t\r\n\t\t\t\t    \t<\/div>\r\n\t\t\t    \t\t\r\n\r\n\t\t\t    \t\t\t\t    \t\t<div class=\"number-txt\">  Teremos a oferta que procura<div style=\"margin-top:10px;margin-bottom: 26px\"><strong>Localidade:<\/strong> Perto de si <\/div><\/div>\t\r\n\t\t\t    \t\t\r\n\r\n\t    \t    \t\r\n\t    \t\t    \t<div class=\"number-btn-part\">\r\n\r\n\t    \t\t    \t\t    \t\t    \t\t\t<a class=\"number-btn icon-after\" href=\"https:\/\/keenitsolutions.com\/products\/wordpress\/bizup\/careers\/#rs_apply\" >\r\n    \t\t    \t\t\t\t<span class=\"btn-txt\">Submeter<\/span>\r\n\r\n    \t\t    \t\t\t\t    \t\t    \t\t\t<\/a>\r\n\t    \t\t    \t\t\t    \t\t    \t\t\r\n\t    \t\t    \t<\/div>\r\n\t    \t    \t\t\t\t    <\/div>\r\n\t\t\t<\/div>\r\n\t\t<\/div>\t\t\t\t\r\n\t\t\t<\/div>\n\t\t\t\t<\/div>\n\t\t\t\t\t<\/div>\n\t\t<\/div>\n\t\t\t\t\t<\/div>\n\t\t<\/section>\n\t\t\t\t\t<\/div>\n\t\t<\/div>\n\t\t\t\t\t<\/div>\n\t\t<\/section>\n\t\t\t\t<section class=\"elementor-section elementor-top-section elementor-element elementor-element-88abe75 elementor-section-stretched elementor-section-full_width elementor-section-height-default elementor-section-height-default\" data-id=\"88abe75\" data-element_type=\"section\" data-settings=\"{&quot;stretch_section&quot;:&quot;section-stretched&quot;,&quot;background_background&quot;:&quot;classic&quot;}\">\n\t\t\t\t\t\t\t<div class=\"elementor-background-overlay\"><\/div>\n\t\t\t\t\t\t\t<div class=\"elementor-container elementor-column-gap-default\">\n\t\t\t\t\t<div class=\"elementor-column elementor-col-100 elementor-top-column elementor-element elementor-element-7892c80\" data-id=\"7892c80\" data-element_type=\"column\">\n\t\t\t<div class=\"elementor-widget-wrap elementor-element-populated\">\n\t\t\t\t\t\t<section class=\"elementor-section elementor-inner-section elementor-element elementor-element-780d089 elementor-section-content-middle elementor-section-full_width elementor-section-height-default elementor-section-height-default\" data-id=\"780d089\" data-element_type=\"section\" id=\"rs_apply\" data-settings=\"{&quot;background_background&quot;:&quot;classic&quot;}\">\n\t\t\t\t\t\t<div class=\"elementor-container elementor-column-gap-default\">\n\t\t\t\t\t<div class=\"elementor-column elementor-col-50 elementor-inner-column elementor-element elementor-element-b4269e1 elementor-hidden-phone elementor-hidden-tablet\" data-id=\"b4269e1\" data-element_type=\"column\" data-settings=\"{&quot;background_background&quot;:&quot;classic&quot;}\">\n\t\t\t<div class=\"elementor-widget-wrap\">\n\t\t\t\t\t\t\t<\/div>\n\t\t<\/div>\n\t\t\t\t<div class=\"elementor-column elementor-col-50 elementor-inner-column elementor-element elementor-element-0d69aa5\" data-id=\"0d69aa5\" data-element_type=\"column\" data-settings=\"{&quot;background_background&quot;:&quot;classic&quot;}\">\n\t\t\t<div class=\"elementor-widget-wrap elementor-element-populated\">\n\t\t\t\t\t\t<div class=\"elementor-element elementor-element-f27b5fd elementor-widget elementor-widget-rs-heading\" data-id=\"f27b5fd\" data-element_type=\"widget\" data-widget_type=\"rs-heading.default\">\n\t\t\t\t<div class=\"elementor-widget-container\">\n\t\t\t\n        <div class=\"prelements-heading style4 animate- left\">\n        \t<div class=\"title-inner\"> \n\t        \t       \t\t      \t\t\n\t            <h2 class=\"title\"><span class=\"watermark\"><\/span>Faz a tua<br><span>candidatura<\/span><\/h2>\t\t\t\t\n\t\t\t\t\t        <\/div>\n\t                <\/div>\n        \t\t<\/div>\n\t\t\t\t<\/div>\n\t\t\t\t<div class=\"elementor-element elementor-element-3ad7474 elementor-widget elementor-widget-rs-cf7\" data-id=\"3ad7474\" data-element_type=\"widget\" data-widget_type=\"rs-cf7.default\">\n\t\t\t\t<div class=\"elementor-widget-container\">\n\t\t\t\n<div class=\"wpcf7 no-js\" id=\"wpcf7-f23100-o1\" lang=\"en-US\" dir=\"ltr\">\n<div class=\"screen-reader-response\"><p role=\"status\" aria-live=\"polite\" aria-atomic=\"true\"><\/p> <ul><\/ul><\/div>\n<form action=\"\/index.php\/wp-json\/wp\/v2\/pages\/22579#wpcf7-f23100-o1\" method=\"post\" class=\"wpcf7-form init\" aria-label=\"Contact form\" enctype=\"multipart\/form-data\" novalidate=\"novalidate\" data-status=\"init\">\n<div style=\"display: none;\">\n<input type=\"hidden\" name=\"_wpcf7\" value=\"23100\" \/>\n<input type=\"hidden\" name=\"_wpcf7_version\" value=\"5.8.7\" \/>\n<input type=\"hidden\" name=\"_wpcf7_locale\" value=\"en_US\" \/>\n<input type=\"hidden\" name=\"_wpcf7_unit_tag\" value=\"wpcf7-f23100-o1\" \/>\n<input type=\"hidden\" name=\"_wpcf7_container_post\" value=\"0\" \/>\n<input type=\"hidden\" name=\"_wpcf7_posted_data_hash\" value=\"\" \/>\n<\/div>\n<div class=\"row\">\n\t<div class=\"col-sm-6\">\n\t\t<p><label>Nome<\/label><span class=\"wpcf7-form-control-wrap\" data-name=\"your-name\"><input size=\"40\" class=\"wpcf7-form-control wpcf7-text wpcf7-validates-as-required\" aria-required=\"true\" aria-invalid=\"false\" value=\"\" type=\"text\" name=\"your-name\" \/><\/span>\n\t\t<\/p>\n\t<\/div>\n\t<div class=\"col-sm-6\">\n\t\t<p><label>E-Mail<\/label><span class=\"wpcf7-form-control-wrap\" data-name=\"your-email\"><input size=\"40\" class=\"wpcf7-form-control wpcf7-email wpcf7-validates-as-required wpcf7-text wpcf7-validates-as-email\" aria-required=\"true\" aria-invalid=\"false\" value=\"\" type=\"email\" name=\"your-email\" \/><\/span>\n\t\t<\/p>\n\t<\/div>\n\t<div class=\"col-sm-6\">\n\t\t<p><label>Telefone<\/label><span class=\"wpcf7-form-control-wrap\" data-name=\"telefone\"><input size=\"40\" class=\"wpcf7-form-control wpcf7-text wpcf7-validates-as-required\" aria-required=\"true\" aria-invalid=\"false\" value=\"\" type=\"text\" name=\"telefone\" \/><\/span>\n\t\t<\/p>\n\t<\/div>\n\t<div class=\"col-sm-6\">\n\t\t<p><label>n\u00ba de oferta<\/label><span class=\"wpcf7-form-control-wrap\" data-name=\"oferta\"><input size=\"40\" class=\"wpcf7-form-control wpcf7-text wpcf7-validates-as-required\" aria-required=\"true\" aria-invalid=\"false\" value=\"\" type=\"text\" name=\"oferta\" \/><\/span>\n\t\t<\/p>\n\t<\/div>\n\t<div class=\"col-sm-12\">\n\t\t<p><label>Curriculum Vitae<\/label><span class=\"wpcf7-form-control-wrap\" data-name=\"CV\"><input size=\"40\" class=\"wpcf7-form-control wpcf7-file wpcf7-validates-as-required\" accept=\"audio\/*,video\/*,image\/*\" aria-required=\"true\" aria-invalid=\"false\" type=\"file\" name=\"CV\" \/><\/span>\n\t\t<\/p>\n\t<\/div>\n\t<div class=\"col-sm-12\">\n\t\t<p><label>Mensagem<\/label><span class=\"wpcf7-form-control-wrap\" data-name=\"mensagem\"><textarea cols=\"40\" rows=\"10\" class=\"wpcf7-form-control wpcf7-textarea\" aria-invalid=\"false\" name=\"mensagem\"><\/textarea><\/span>\n\t\t<\/p>\n\t<\/div>\n\t<div class=\"form-button col-sm-12\">\n\t\t<p class=\"submit-btn\"><input class=\"wpcf7-form-control wpcf7-submit has-spinner\" type=\"submit\" value=\"Enviar\" \/>\n\t\t<\/p>\n\t<\/div>\n<\/div><div class=\"wpcf7-response-output\" aria-hidden=\"true\"><\/div>\n<\/form>\n<\/div>\n\t\t<\/div>\n\t\t\t\t<\/div>\n\t\t\t\t\t<\/div>\n\t\t<\/div>\n\t\t\t\t\t<\/div>\n\t\t<\/section>\n\t\t\t\t\t<\/div>\n\t\t<\/div>\n\t\t\t\t\t<\/div>\n\t\t<\/section>\n\t\t\t\t<\/div>\n\t\t","protected":false},"excerpt":{"rendered":"<p>CarreiraCarreira Caminhamos em parceria com as organiza\u00e7\u00f5es para procurar, atrair e selecionar o melhor Talento para a sua empresa Porqu\u00ea fazer carreira connosco? 1 Desenho do perfil Analisamos o descritivo de fun\u00e7\u00f5es e das qualifica\u00e7\u00f5es exigidas; Identificamos o perfil mais adequado 2 Procura seletiva Selecionamos a fonte de recrutamento; Processamos as candidaturas recebidas; Criamos uma&#8230;<\/p>\n","protected":false},"author":1,"featured_media":0,"parent":0,"menu_order":0,"comment_status":"closed","ping_status":"closed","template":"","meta":{"_monsterinsights_skip_tracking":false,"_monsterinsights_sitenote_active":false,"_monsterinsights_sitenote_note":"","_monsterinsights_sitenote_category":0,"footnotes":""},"class_list":["post-22579","page","type-page","status-publish","hentry"],"aioseo_notices":[],"_links":{"self":[{"href":"https:\/\/biz-bold.com\/index.php\/wp-json\/wp\/v2\/pages\/22579","targetHints":{"allow":["GET"]}}],"collection":[{"href":"https:\/\/biz-bold.com\/index.php\/wp-json\/wp\/v2\/pages"}],"about":[{"href":"https:\/\/biz-bold.com\/index.php\/wp-json\/wp\/v2\/types\/page"}],"author":[{"embeddable":true,"href":"https:\/\/biz-bold.com\/index.php\/wp-json\/wp\/v2\/users\/1"}],"replies":[{"embeddable":true,"href":"https:\/\/biz-bold.com\/index.php\/wp-json\/wp\/v2\/comments?post=22579"}],"version-history":[{"count":65,"href":"https:\/\/biz-bold.com\/index.php\/wp-json\/wp\/v2\/pages\/22579\/revisions"}],"predecessor-version":[{"id":28049,"href":"https:\/\/biz-bold.com\/index.php\/wp-json\/wp\/v2\/pages\/22579\/revisions\/28049"}],"wp:attachment":[{"href":"https:\/\/biz-bold.com\/index.php\/wp-json\/wp\/v2\/media?parent=22579"}],"curies":[{"name":"wp","href":"https:\/\/api.w.org\/{rel}","templated":true}]}}